{"id":5897,"date":"2021-05-01T23:11:57","date_gmt":"2021-05-01T21:11:57","guid":{"rendered":"https:\/\/sn.ambaguinee.org\/?page_id=5897"},"modified":"2024-03-03T19:56:43","modified_gmt":"2024-03-03T18:56:43","slug":"missions","status":"publish","type":"page","link":"https:\/\/sn.ambaguinee.org\/?page_id=5897","title":{"rendered":"La Mission"},"content":{"rendered":"\n<figure class=\"wp-block-image size-large\"><img decoding=\"async\" src=\"https:\/\/sn.ambaguinee.org\/wp-content\/uploads\/2024\/03\/8814ac15-651e-44fb-ac4e-3dcd6fc8648a.jpg\" alt=\"\" class=\"wp-image-62119\"\/><\/figure>\n\n\n\n<p>Chers Compatriotes, Amis de la Guin\u00e9e et Partenaires,<\/p>\n\n\n\n<p>Notre mission principale est de promouvoir et de prot\u00e9ger les int\u00e9r\u00eats de la Guin\u00e9e ainsi que ceux de ses citoyens dans le pays h\u00f4te. En tant que repr\u00e9sentants diplomatiques de la Guin\u00e9e, nous \u0153uvrons \u00e0 renforcer les relations bilat\u00e9rales et multilat\u00e9rales entre notre pays et le S\u00e9n\u00e9gal, favorisant ainsi la coop\u00e9ration politique, \u00e9conomique, culturelle et sociale.<\/p>\n\n\n\n<p>L&#8217;Ambassade de Guin\u00e9e est \u00e9galement d\u00e9di\u00e9e \u00e0 fournir une assistance consulaire aux ressortissants guin\u00e9ens r\u00e9sidant ou voyageant dans notre pays h\u00f4te. Nous sommes l\u00e0 pour offrir des services consulaires, tels que la d\u00e9livrance de passeports, visas et documents consulaires, l&#8217;assistance en cas d&#8217;urgence, et la protection des droits des citoyens guin\u00e9ens conform\u00e9ment aux lois internationales et locales.<\/p>\n\n\n\n<p>En outre, notre ambassade sert de plateforme pour promouvoir la culture guin\u00e9enne \u00e0 l&#8217;\u00e9tranger, en organisant des \u00e9v\u00e9nements culturels, des expositions artistiques, des conf\u00e9rences et des s\u00e9minaires. Nous encourageons \u00e9galement les \u00e9changes acad\u00e9miques et le d\u00e9veloppement des liens \u00e9ducatifs entre la Guin\u00e9e et le notre pays fr\u00e8re le S\u00e9n\u00e9gal.<\/p>\n\n\n\n<p>Nous nous engageons \u00e0 \u00eatre une passerelle entre la Guin\u00e9e et le reste du monde, facilitant le dialogue, la compr\u00e9hension mutuelle et la coop\u00e9ration pour un avenir plus prosp\u00e8re et pacifique.<\/p>\n\n\n\n<p>N&#8217;h\u00e9sitez pas \u00e0 nous contacter pour toute question, pr\u00e9occupation ou assistance dont vous pourriez avoir besoin. Nous sommes l\u00e0 pour vous servir et pour repr\u00e9senter les int\u00e9r\u00eats de la R\u00e9publique de Guin\u00e9e avec d\u00e9vouement et professionnalisme.<\/p>\n\n\n\n<p>Bien cordialement,<br><strong>S.E Mandjou DIOUBATE Ambassadeur de la R\u00e9publique de Guin\u00e9e au S\u00e9n\u00e9gal<\/strong><\/p>\n","protected":false},"excerpt":{"rendered":"<p>Chers Compatriotes, Amis de la Guin\u00e9e et Partenaires, Notre mission principale est de promouvoir et de prot\u00e9ger les int\u00e9r\u00eats de la Guin\u00e9e ainsi que ceux de ses citoyens dans le pays h\u00f4te. En tant que repr\u00e9sentants diplomatiques de la Guin\u00e9e, nous \u0153uvrons \u00e0 renforcer les relations bilat\u00e9rales et multilat\u00e9rales entre notre pays et le S\u00e9n\u00e9gal, &hellip;<\/p>\n","protected":false},"author":1,"featured_media":0,"parent":0,"menu_order":0,"comment_status":"closed","ping_status":"closed","template":"","meta":{"footnotes":""},"_links":{"self":[{"href":"https:\/\/sn.ambaguinee.org\/index.php?rest_route=\/wp\/v2\/pages\/5897"}],"collection":[{"href":"https:\/\/sn.ambaguinee.org\/index.php?rest_route=\/wp\/v2\/pages"}],"about":[{"href":"https:\/\/sn.ambaguinee.org\/index.php?rest_route=\/wp\/v2\/types\/page"}],"author":[{"embeddable":true,"href":"https:\/\/sn.ambaguinee.org\/index.php?rest_route=\/wp\/v2\/users\/1"}],"replies":[{"embeddable":true,"href":"https:\/\/sn.ambaguinee.org\/index.php?rest_route=%2Fwp%2Fv2%2Fcomments&post=5897"}],"version-history":[{"count":12,"href":"https:\/\/sn.ambaguinee.org\/index.php?rest_route=\/wp\/v2\/pages\/5897\/revisions"}],"predecessor-version":[{"id":63428,"href":"https:\/\/sn.ambaguinee.org\/index.php?rest_route=\/wp\/v2\/pages\/5897\/revisions\/63428"}],"wp:attachment":[{"href":"https:\/\/sn.ambaguinee.org\/index.php?rest_route=%2Fwp%2Fv2%2Fmedia&parent=5897"}],"curies":[{"name":"wp","href":"https:\/\/api.w.org\/{rel}","templated":true}]}}