{"id":5900,"date":"2021-05-01T23:15:04","date_gmt":"2021-05-01T21:15:04","guid":{"rendered":"https:\/\/sn.ambaguinee.org\/?page_id=5900"},"modified":"2024-03-05T20:16:07","modified_gmt":"2024-03-05T19:16:07","slug":"ambassadeur","status":"publish","type":"page","link":"https:\/\/sn.ambaguinee.org\/?page_id=5900","title":{"rendered":"MOT DE BIENVENUE DE S.E. Mandjou DIOUBATE"},"content":{"rendered":"<div class=\"wp-block-image\">\n<figure class=\"aligncenter size-full\"><img loading=\"lazy\" decoding=\"async\" width=\"1024\" height=\"673\" src=\"https:\/\/sn.ambaguinee.org\/wp-content\/uploads\/2024\/03\/54ba50cd-d0bf-4356-b91d-89e83ed0b932.jpg\" alt=\"\" class=\"wp-image-63430\" srcset=\"https:\/\/sn.ambaguinee.org\/wp-content\/uploads\/2024\/03\/54ba50cd-d0bf-4356-b91d-89e83ed0b932.jpg 1024w, https:\/\/sn.ambaguinee.org\/wp-content\/uploads\/2024\/03\/54ba50cd-d0bf-4356-b91d-89e83ed0b932-300x197.jpg 300w, https:\/\/sn.ambaguinee.org\/wp-content\/uploads\/2024\/03\/54ba50cd-d0bf-4356-b91d-89e83ed0b932-768x505.jpg 768w\" sizes=\"(max-width: 1024px) 100vw, 1024px\" \/><\/figure><\/div>\n\n\n<p>Bienvenue sur le site de l&#8217;Ambassade de la R\u00e9publique de Guin\u00e9e au S\u00e9n\u00e9gal !<\/p>\n\n\n\n<p>C&#8217;est avec grand plaisir que nous vous accueillons sur notre plateforme en ligne, con\u00e7ue pour faciliter votre interaction avec notre mission diplomatique et vous fournir des informations essentielles sur notre pays et nos services.<\/p>\n\n\n\n<p>En tant que repr\u00e9sentants de la R\u00e9publique de Guin\u00e9e au S\u00e9n\u00e9gal, notre objectif principal est de promouvoir et de renforcer les relations bilat\u00e9rales entre notre pays et notre pays fr\u00e8re le S\u00e9n\u00e9gal. Que vous soyez un citoyen du S\u00e9n\u00e9gal, un ressortissant de la Guin\u00e9e, un voyageur en qu\u00eate de renseignements ou un acteur diplomatique, nous sommes l\u00e0 pour vous assister et vous guider.<\/p>\n\n\n\n<p>\u00c0 travers ce site, vous trouverez des informations sur les services consulaires offerts par notre ambassade, les derni\u00e8res actualit\u00e9s et \u00e9v\u00e9nements li\u00e9s \u00e0 notre pays, ainsi que des ressources utiles pour les voyageurs, les r\u00e9sidents et les entreprises.<\/p>\n\n\n\n<p>Nous vous invitons \u00e9galement \u00e0 vous abonner \u00e0 notre newsletter pour rester inform\u00e9(e) des derni\u00e8res mises \u00e0 jour et initiatives de notre ambassade.<\/p>\n\n\n\n<p>N&#8217;h\u00e9sitez pas \u00e0 nous contacter si vous avez des questions, des pr\u00e9occupations ou si vous avez besoin d&#8217;une assistance particuli\u00e8re. Notre \u00e9quipe d\u00e9vou\u00e9e est l\u00e0 pour vous aider.<\/p>\n\n\n\n<p>Nous vous remercions de votre visite et nous esp\u00e9rons que ce site vous sera utile dans votre interaction avec l&#8217;Ambassade de la R\u00e9publique de Guin\u00e9e.<\/p>\n\n\n\n<p>Merci de votre visite et \u00e0 bient\u00f4t !<\/p>\n\n\n\n<p>Cordialement,<br><strong>Son Excellence Col. Mandjou DIOUBATE<\/strong><br><strong>L&#8217;\u00e9quipe de l&#8217;Ambassade de la R\u00e9publique de Guin\u00e9e au S\u00e9n\u00e9gal<\/strong><\/p>\n\n\n\n<p><em><u>Formation et Parcours professionnel de S.E Mandjou DIOUATE<\/u><\/em><\/p>\n\n\n\n<ul id=\"block-82ad218e-1095-4d73-8f69-e8ca251c3db0\">\n<li>PARCOURS PROFESSIONNEL\n<ul>\n<li><strong>09 Ao\u00fbt 2023<\/strong> : Ambassadeur extraordinaire et Pl\u00e9nipotentiaire pr\u00e8s la R\u00e9publique du S\u00e9n\u00e9gal, par D\u00e9cret D\/2023\/0182\/PRG\/CNRD\/SGG du 09 Ao\u00fbt 223.<\/li>\n\n\n\n<li><strong>15<\/strong><strong> Decembre<\/strong><strong> 2016<\/strong>&nbsp;: Colonel par Decret D\/ 2016\/380\/PRCISCG<\/li>\n\n\n\n<li><strong>02<\/strong><strong> Juillet<\/strong><strong> 2010<\/strong>&nbsp;: Lieutenant\/Colonel suivant D\u00e9cret D\/2010\/144\/PRG\/SGG.<\/li>\n\n\n\n<li><strong>27 Mai 2010<\/strong>&nbsp;: Atach\u00e9 de D\u00e9fense, Chef de la Mision militaire de Coop\u00e9ration pr\u00e8s de l&#8217;Ambassade de Guin\u00e9e au Royaume du Maroc.<\/li>\n\n\n\n<li><strong>14 Janvier 2009<\/strong>&nbsp;: Directeur du Bureau de Presse de la Pr\u00e9sidence de la R\u00e9publique.<\/li>\n\n\n\n<li><strong>2007 &#8211; 2009<\/strong> : Pr\u00e9sident de la Commission Information, Education et Communication de la Commission Nationale de Lutte contre la Prolif\u00e9ration et la Circulation Illicite des Armes L\u00e9g\u00e8res sous l&#8217;\u00e9gide de la CEDEAO (ECOSAP-Bamako)<\/li>\n\n\n\n<li><strong>1999 &#8211; 2008<\/strong> : Attach\u00e9 de Presse du Minist\u00e8re \u00e0 la Pr\u00e9sidence charg\u00e9 de la D\u00e9fense Nationale cumulativement aux fonctions de Secr\u00e9taire G\u00e9n\u00e9ral du SOFA.<\/li>\n\n\n\n<li><strong>1997 &#8211;<\/strong><strong> 1999<\/strong> : Secr\u00e9taire G\u00e9n\u00e9ral du SOFA \u00abOrgane d&#8217;Information des Forces Arm\u00e9es Guin\u00e9ennes \u00bb.<\/li>\n\n\n\n<li><strong>1990<\/strong> : Recrut\u00e9 comme Soldat au sein des Forces Arm\u00e9es Guin\u00e9ennes \u00ab Classe 90 \u00bb.<\/li>\n<\/ul>\n<\/li>\n\n\n\n<li>FORMATIONS\n<ul>\n<li><strong>22 Mai au 02 Juillet 2021<\/strong> : Formation N\u00b0 1 pour les stagiaires \u00e9trangers dans el domaine de la Diplomatie Militaire \u00e0l&#8217;Institut d&#8217;Etudes Scientifiques de S\u00e9curit\u00e9 et de l&#8217;Intelligence du CAIRE.<\/li>\n\n\n\n<li><strong>Dipl\u00f4me obtenu<\/strong> :Certificat de fin de stage de la diplomatie militaire N\u00b0 1(MDC &#8211; 2021) en R\u00e9publique Arabe d&#8217;Egypte \u00ab CAIRE \u00bb.<\/li>\n\n\n\n<li><strong>30 Mai au 02 Juin 2021<\/strong> : Programme de formation d&#8217;acquisition de comp\u00e9tence diplomatique et de protocole \u00e0 l&#8217;Institut d&#8217;Etudes Diplomatiques du Caire en R\u00e9publique Arabe d&#8217;Egypte en faveur des Attach\u00e9s de D\u00e9fense.<\/li>\n\n\n\n<li><strong>Juin 2021<\/strong> : Obtention du Certificat de formation dans la lutte contre la corruption destin\u00e9e aux repr\u00e9sentants diplomatiques \u00e0 l&#8217;Acad\u00e9mie Nationale Anti &#8211; Corruption et \u00e0 l&#8217;Autorit\u00e9 Administrative du Caire (ACA) en R\u00e9publique Arabe d&#8217;Egypte.<\/li>\n\n\n\n<li><strong>22 Mai au 02 Juillet 2021<\/strong>&nbsp;: Obtention du Certificat d&#8217;Appr\u00e9ciation au stage de la diplomatie militaire et des relations internationales au Caire (Egypte).<\/li>\n\n\n\n<li><strong>20 Mars 2018<\/strong> : Un Satisfecit d\u00e9cern\u00e9 par l&#8217;Etat Major G\u00e9n\u00e9ral des Arm\u00e9es pour ma participation active dans l&#8217;organisation de la Campagne de sauts parachutistes \u00e0 Conakry entre les forces Arm\u00e9es Royales et celles Guin\u00e9ennes. Ces Campagnes de Sauts ont eu lieu en R\u00e9publique de Guin\u00e9e en Janvier et f\u00e9vrier 2018, 2019 et 2020, o\u00f9 plus de 1.000 Militaires Guin\u00e9ens ont obtenus leur Brevet de Parachutiste au cours de ces campagnes.<\/li>\n\n\n\n<li><strong>14 D\u00e9cembre 2010<\/strong> : S\u00e9minaire de formation sur le th\u00e8me intitul\u00e9 \u00ab La Politique Europ\u00e9enne de S\u00e9curit\u00e9 et de D\u00e9fense depuis le trait\u00e9 de Lisbonne\u00bb, organis\u00e9 par l&#8217;Ambassade de Belgique au Royaume du Maroc en collaboration avec la d\u00e9l\u00e9gation de l&#8217;Union Europ\u00e9enne \u00e0 Rabat (Maroc).<\/li>\n\n\n\n<li><strong>2003 \u2013 2006<\/strong> : Cours d&#8217;Officier \u00e0 l&#8217;Ecole Militaire Inter Arm\u00e9es \u00ab EMIA \u00bb du Camp Alpha Yaya DIALLO &#8211; Conakry. 9<sup>\u00e8me<\/sup> PROMOTION.<\/li>\n\n\n\n<li><strong>2002<\/strong> : Stage de Formation des formateurs, destin\u00e9 aux Forces Arm\u00e9es, de S\u00e9curit\u00e9 et de Police pour le contr\u00f4le des Armes l\u00e9g\u00e8res en R\u00e9publique de Sierra Leone (Freetown).<\/li>\n\n\n\n<li><strong>2002<\/strong> : S\u00e9minaire de Formation sur les Relations Civilo-Militaires avec des Formateurs Am\u00e9ricains.<\/li>\n\n\n\n<li><strong>2001<\/strong> : Stage de Formation des formateurs, destin\u00e9 aux Forces Arm\u00e9es, de S\u00e9curit\u00e9 et de Police pour le contr\u00f4le des Armes l\u00e9g\u00e8res en R\u00e9publique de C\u00f4te d&#8217;Ivoire (Grand Bassam).<\/li>\n\n\n\n<li><strong>1993 \u2013 1995<\/strong> : Stage th\u00e9orique et pratique au Studio-Ecole de la Radiot\u00e9l\u00e9vision Guin\u00e9enne (RTG), en qualit\u00e9 de Journaliste &#8211; Reporter.<\/li>\n\n\n\n<li><strong>1988 \u2013 1989<\/strong>&nbsp;: Recherche des donn\u00e9es de base pour l\u2019\u00e9laboration du th\u00e8me de m\u00e9moire de fin d\u2019\u00e9tudes sup\u00e9rieures sur le th\u00e8me \u00ab Fabrication des lubrifiants moteurs sur la base des huiles v\u00e9g\u00e9tales \u00bb \u00e0 l&#8217;Universit\u00e9 Gamal Abdel Nasser de Conakry &#8211; 23\u00e8me Promotion.<\/li>\n\n\n\n<li><strong>30 Juin 1989<\/strong> : Soutenance du th\u00e8me de m\u00e9moire de fin d&#8217;Etudes Sup\u00e9rieures : Dipl\u00f4me obtenu (Dipl\u00f4me d&#8217;Etudes Sup\u00e9rieures) &#8211; Mention : Remarquable<\/li>\n\n\n\n<li><strong>1983 &#8211; 1988<\/strong> : Etudes Sup\u00e9rieures en Chimie Organique \u00e0 la Facult\u00e9 des Sciences Sociales et de la Nature de Donka (FASSONAD) Universit\u00e9 Gamal Abdel Nasser de Conakry<\/li>\n<\/ul>\n<\/li>\n\n\n\n<li>AUTRES ACTIVITES\n<ul>\n<li><strong>22 f\u00e9vrier au 30 Mai 2014<\/strong> : Participation remarquable \u00e0 la mise en place d&#8217;un h\u00f4pital Militaire M\u00e9dico Chirurgical de Campagne (HHCC) \u00e0 Conakry par les Forces Arm\u00e9es Royales du Maroc, pour dispenser des prestations m\u00e9dicales \u00e0al population guin\u00e9enne avec une capacit\u00e9 D&#8217;hospitalisation de 30 \u00e0 40 lits o\u00f9 plus de 3.000 guin\u00e9ens ont \u00e9t\u00e9 soign\u00e9s.<\/li>\n\n\n\n<li><strong>2000 \u2013 2008<\/strong> : Plusieurs missions en Afrique de l&#8217;Ouest et du Centre, dans le cadre de la lutte contre la prolif\u00e9ration et la circulation illicite des armes l\u00e9g\u00e8res.<\/li>\n<\/ul>\n<\/li>\n<\/ul>\n","protected":false},"excerpt":{"rendered":"<p>Bienvenue sur le site de l&#8217;Ambassade de la R\u00e9publique de Guin\u00e9e au S\u00e9n\u00e9gal ! C&#8217;est avec grand plaisir que nous vous accueillons sur notre plateforme en ligne, con\u00e7ue pour faciliter votre interaction avec notre mission diplomatique et vous fournir des informations essentielles sur notre pays et nos services. En tant que repr\u00e9sentants de la R\u00e9publique &hellip;<\/p>\n","protected":false},"author":1,"featured_media":0,"parent":0,"menu_order":0,"comment_status":"closed","ping_status":"closed","template":"","meta":{"footnotes":""},"_links":{"self":[{"href":"https:\/\/sn.ambaguinee.org\/index.php?rest_route=\/wp\/v2\/pages\/5900"}],"collection":[{"href":"https:\/\/sn.ambaguinee.org\/index.php?rest_route=\/wp\/v2\/pages"}],"about":[{"href":"https:\/\/sn.ambaguinee.org\/index.php?rest_route=\/wp\/v2\/types\/page"}],"author":[{"embeddable":true,"href":"https:\/\/sn.ambaguinee.org\/index.php?rest_route=\/wp\/v2\/users\/1"}],"replies":[{"embeddable":true,"href":"https:\/\/sn.ambaguinee.org\/index.php?rest_route=%2Fwp%2Fv2%2Fcomments&post=5900"}],"version-history":[{"count":21,"href":"https:\/\/sn.ambaguinee.org\/index.php?rest_route=\/wp\/v2\/pages\/5900\/revisions"}],"predecessor-version":[{"id":63530,"href":"https:\/\/sn.ambaguinee.org\/index.php?rest_route=\/wp\/v2\/pages\/5900\/revisions\/63530"}],"wp:attachment":[{"href":"https:\/\/sn.ambaguinee.org\/index.php?rest_route=%2Fwp%2Fv2%2Fmedia&parent=5900"}],"curies":[{"name":"wp","href":"https:\/\/api.w.org\/{rel}","templated":true}]}}