{"id":6327,"date":"2021-05-03T00:23:08","date_gmt":"2021-05-02T22:23:08","guid":{"rendered":"https:\/\/sn.ambaguinee.org\/?page_id=6327"},"modified":"2021-07-10T21:03:59","modified_gmt":"2021-07-10T19:03:59","slug":"comment-faire-mes-demarches-en-ligne","status":"publish","type":"page","link":"https:\/\/sn.ambaguinee.org\/?page_id=6327","title":{"rendered":"Comment faire mes d\u00e9marches en ligne ?"},"content":{"rendered":"\t\t<div data-elementor-type=\"wp-page\" data-elementor-id=\"6327\" class=\"elementor elementor-6327\" data-elementor-settings=\"[]\">\n\t\t\t\t\t\t\t<div class=\"elementor-section-wrap\">\n\t\t\t\t\t\t\t<section class=\"elementor-section elementor-top-section elementor-element elementor-element-91b1b2d elementor-section-boxed elementor-section-height-default elementor-section-height-default\" data-id=\"91b1b2d\" data-element_type=\"section\">\n\t\t\t\t\t\t<div class=\"elementor-container elementor-column-gap-default\">\n\t\t\t\t\t<div class=\"elementor-column elementor-col-100 elementor-top-column elementor-element elementor-element-d35be8a\" data-id=\"d35be8a\" data-element_type=\"column\">\n\t\t\t<div class=\"elementor-widget-wrap elementor-element-populated\">\n\t\t\t\t\t\t\t\t<div class=\"elementor-element elementor-element-e0e2f54 elementor-aspect-ratio-169 elementor-widget elementor-widget-video\" data-id=\"e0e2f54\" data-element_type=\"widget\" data-settings=\"{&quot;video_type&quot;:&quot;hosted&quot;,&quot;controls&quot;:&quot;yes&quot;,&quot;aspect_ratio&quot;:&quot;169&quot;}\" data-widget_type=\"video.default\">\n\t\t\t\t<div class=\"elementor-widget-container\">\n\t\t\t\t\t<div class=\"e-hosted-video elementor-wrapper elementor-fit-aspect-ratio elementor-open-inline\">\n\t\t\t\t\t<video class=\"elementor-video\" src=\"https:\/\/sn.ambaguinee.org\/wp-content\/uploads\/2021\/07\/E-KAIDI-Tutoriel-Citoyen.mp4\" controls=\"\" controlsList=\"nodownload\"><\/video>\n\t\t\t\t<\/div>\n\t\t\t\t<\/div>\n\t\t\t\t<\/div>\n\t\t\t\t\t<\/div>\n\t\t<\/div>\n\t\t\t\t\t\t\t<\/div>\n\t\t<\/section>\n\t\t\t\t<section class=\"elementor-section elementor-top-section elementor-element elementor-element-4ec9015a elementor-section-boxed elementor-section-height-default elementor-section-height-default\" data-id=\"4ec9015a\" data-element_type=\"section\">\n\t\t\t\t\t\t<div class=\"elementor-container elementor-column-gap-default\">\n\t\t\t\t\t<div class=\"elementor-column elementor-col-100 elementor-top-column elementor-element elementor-element-560993a9\" data-id=\"560993a9\" data-element_type=\"column\">\n\t\t\t<div class=\"elementor-widget-wrap elementor-element-populated\">\n\t\t\t\t\t\t\t\t<div class=\"elementor-element elementor-element-30aaa187 elementor-widget elementor-widget-text-editor\" data-id=\"30aaa187\" data-element_type=\"widget\" data-widget_type=\"text-editor.default\">\n\t\t\t\t<div class=\"elementor-widget-container\">\n\t\t\t\t\t\t\t\t<!-- wp:image {\"id\":6818,\"sizeSlug\":\"full\",\"linkDestination\":\"none\"} -->\n<figure class=\"wp-block-image size-full\"><img loading=\"lazy\" decoding=\"async\" width=\"860\" height=\"546\" src=\"https:\/\/sn.ambaguinee.org\/wp-content\/uploads\/2021\/05\/CC.png\" alt=\"\" class=\"wp-image-6818\" srcset=\"https:\/\/sn.ambaguinee.org\/wp-content\/uploads\/2021\/05\/CC.png 860w, https:\/\/sn.ambaguinee.org\/wp-content\/uploads\/2021\/05\/CC-300x190.png 300w, https:\/\/sn.ambaguinee.org\/wp-content\/uploads\/2021\/05\/CC-768x488.png 768w\" sizes=\"(max-width: 860px) 100vw, 860px\" \/><\/figure>\n<!-- \/wp:image -->\n\n<!-- wp:paragraph -->\n<p><strong>E-KAIDI : Une solution simple, intuitive et s\u00e9curis\u00e9e<\/strong><\/p>\n<!-- \/wp:paragraph -->\n\n<!-- wp:paragraph -->\n<p>Pour effectuer vos d\u00e9marches en lignes, veuillez suivre les \u00e9tapes suivantes :<\/p>\n<!-- \/wp:paragraph -->\n\n<!-- wp:list -->\n<ul><li>Je me cr\u00e9\u00e9 une adresse mail (Google, Yahoo, ou Hotmail, ou autre) si je n\u2019en ai pas<\/li><li>Je cr\u00e9e mon espace personnel ici :\u00a0<strong><a href=\"https:\/\/citoyens.ambaguinee.org\/register\">https:\/\/citoyens.ambaguinee.org\/register<\/a><\/strong><ul><li>Pour cela, je saisis mon email et clique sur le bouton \u00ab\u00a0Recevoir mon code\u00a0\u00bb<\/li><li>Je me rends dans ma boite mail et copie ou note le code re\u00e7u<\/li><li>Je copie-colle ou saisis dans le champs \u00ab\u00a0Code de validation\u00a0\u00bb le code re\u00e7u par mail et clique sur le bouton \u00ab\u00a0Suivant\u00a0\u00bb pour continuer<\/li><li>\u00a0Je saisis mon identifiant (exemple : fatou224) et mon mot de passe et clique sur suivant.<ul><li><strong>NB<\/strong>\u00a0:\u00a0Ceux sont ces derniers qui seront \u00e0 utiliser pour se connecter \u00e0 l\u2019espace personnel une fois le compte cr\u00e9\u00e9.<\/li><\/ul><\/li><li>Je renseigne tous les champs obligatoires des diff\u00e9rents formulaires et clique sur le bouton \u00ab\u00a0Suivant\u00a0\u00bb pour continuer.<\/li><li>Je joins les justificatifs demand\u00e9s (photo d\u2019identit\u00e9 et pi\u00e8ce d\u2019identit\u00e9).<br><strong>\u00a0 \u00a0 \u00a0Attention\u00a0:<\/strong>\u00a0Toute photo de mauvaise qualit\u00e9 verra les demandes associ\u00e9es rejet\u00e9es.<\/li><li>Je lis et accepte les conditions g\u00e9n\u00e9rales d\u2019utilisation du site et coche la case associ\u00e9e.<\/li><li>Je coche la case du capcha \u00e9galement et clique sur suivant pour continuer<\/li><li>J\u2019arrive sur la page r\u00e9capitulative qui permet de v\u00e9rifier les informations saisies et les modifier si besoin.<\/li><li>Si toutes les informations sont correctes, je clique sur le bouton \u00ab\u00a0Envoyer\u00a0\u00bb; sinon je clique sur \u00ab\u00a0Pr\u00e9c\u00e9dent\u00a0\u00bb pour corriger le champ souhait\u00e9.<\/li><\/ul><\/li><li>Si cr\u00e9ation de mon compte OK, je me rends sur mon espace personnel\u00a0<strong><a href=\"https:\/\/citoyens.ambaguinee.org\/secure\/login\">https:\/\/citoyens.ambaguinee.org\/secure\/login<\/a><\/strong>\u00a0et me connecte en saisissant mon identifiant et mon mot de passe et clique sur \u00ab Se connecter \u00bb<\/li><li>Une fois connect\u00e9 \u00e0 mon espace personnel, je clique sur le bouton \u00ab\u00a0<strong>Mes d\u00e9marches<\/strong>\u00bb en haut de la page, choisis le type de document souhait\u00e9 et effectue ma demande<\/li><\/ul>\n<!-- \/wp:list -->\n\n<!-- wp:list -->\n<ul><li>Pour effectuer une demande:<ul><li>Je remplis tous les champs avec la coche (*),<\/li><li>Joins les justificatifs demand\u00e9s<\/li><li>Choisis le mode de livraison (livraison chez \u00e0 domicile ou retrait en agence)<\/li><li>Paye en ligne par carte bancaire<\/li><li>Coche la case \u00ab&nbsp;Acception conditions g\u00e9n\u00e9rales&nbsp;\u00bb<\/li><li>Et clique sur le bouton \u00ab&nbsp;Envoyer demande&nbsp;\u00bb en bas de la page&nbsp;\u00bb<\/li><\/ul><\/li><li>Je suis ma demande r\u00e9guli\u00e8rement depuis mon espace personnel et par mail<\/li><li>En cas de document soumis redemand\u00e9 par le Consulat, je leur renvoie assez rapidement le document en me connectant \u00e0 mon espace personnel et en joignant le document demand\u00e9<\/li><li>Mon document est livr\u00e9 directement chez moi sous 3 jours si j\u2019ai pay\u00e9 par carte bancaire et choisi la livraison par la poste<\/li><li>Je viens chercher mon document \u00e0 l\u2019Ambassade avec le num\u00e9ro de retrait que j\u2019ai re\u00e7u par mail si j\u2019ai choisi la livraison par retrait.<\/li><\/ul>\n<!-- \/wp:list -->\n\n<!-- wp:paragraph -->\n<p><strong>E-KAIDI<\/strong><br>Minist\u00e8re des Affaires Etrang\u00e8res<\/p>\n<!-- \/wp:paragraph -->\t\t\t\t\t\t<\/div>\n\t\t\t\t<\/div>\n\t\t\t\t\t<\/div>\n\t\t<\/div>\n\t\t\t\t\t\t\t<\/div>\n\t\t<\/section>\n\t\t\t\t\t\t<\/div>\n\t\t\t\t\t<\/div>\n\t\t","protected":false},"excerpt":{"rendered":"<p>https:\/\/sn.ambaguinee.org\/wp-content\/uploads\/2021\/07\/E-KAIDI-Tutoriel-Citoyen.mp4 E-KAIDI : Une solution simple, intuitive et s\u00e9curis\u00e9e Pour effectuer vos d\u00e9marches en lignes, veuillez suivre les \u00e9tapes suivantes : Je me cr\u00e9\u00e9 une adresse mail (Google, Yahoo, ou Hotmail, ou autre) si je n\u2019en ai pas Je cr\u00e9e mon espace personnel ici :\u00a0https:\/\/citoyens.ambaguinee.org\/register Pour cela, je saisis mon email et clique sur le &hellip;<\/p>\n","protected":false},"author":1,"featured_media":0,"parent":0,"menu_order":0,"comment_status":"closed","ping_status":"closed","template":"","meta":{"footnotes":""},"_links":{"self":[{"href":"https:\/\/sn.ambaguinee.org\/index.php?rest_route=\/wp\/v2\/pages\/6327"}],"collection":[{"href":"https:\/\/sn.ambaguinee.org\/index.php?rest_route=\/wp\/v2\/pages"}],"about":[{"href":"https:\/\/sn.ambaguinee.org\/index.php?rest_route=\/wp\/v2\/types\/page"}],"author":[{"embeddable":true,"href":"https:\/\/sn.ambaguinee.org\/index.php?rest_route=\/wp\/v2\/users\/1"}],"replies":[{"embeddable":true,"href":"https:\/\/sn.ambaguinee.org\/index.php?rest_route=%2Fwp%2Fv2%2Fcomments&post=6327"}],"version-history":[{"count":11,"href":"https:\/\/sn.ambaguinee.org\/index.php?rest_route=\/wp\/v2\/pages\/6327\/revisions"}],"predecessor-version":[{"id":11449,"href":"https:\/\/sn.ambaguinee.org\/index.php?rest_route=\/wp\/v2\/pages\/6327\/revisions\/11449"}],"wp:attachment":[{"href":"https:\/\/sn.ambaguinee.org\/index.php?rest_route=%2Fwp%2Fv2%2Fmedia&parent=6327"}],"curies":[{"name":"wp","href":"https:\/\/api.w.org\/{rel}","templated":true}]}}