{"id":7721,"date":"2021-05-14T14:59:14","date_gmt":"2021-05-14T12:59:14","guid":{"rendered":"https:\/\/sn.ambaguinee.org\/?page_id=7721"},"modified":"2021-05-18T23:29:03","modified_gmt":"2021-05-18T21:29:03","slug":"lafrique-perd-a-dakar-sa-memoire-djibril-tamsir-niane-nest-plus","status":"publish","type":"page","link":"https:\/\/sn.ambaguinee.org\/?page_id=7721","title":{"rendered":"L\u2019Afrique perd \u00e0 Dakar sa m\u00e9moire : Djibril Tamsir Niane n\u2019est plus"},"content":{"rendered":"\n<p>Le c\u00e9l\u00e8bre historien guin\u00e9en, Djibril Tamsir Niane, est d\u00e9c\u00e9d\u00e9 la nuit derni\u00e8re \u00e0 Dakar, le m\u00eame jour que sa s\u0153ur jumelle, d\u00e9c\u00e9d\u00e9e un peu plus t\u00f4t la journ\u00e9e. N\u00e9 le 9 janvier 1932 \u00e0 Conakry (Guin\u00e9e), il est sp\u00e9cialiste de l\u2019histoire du Mand\u00e9, notamment l\u2019Empire du Mali.<\/p>\n\n\n\n<p><strong>Biographie (Wikip\u00e9dia)<\/strong><\/p>\n\n\n\n<p>Djibril Tamsir Niane suit des \u00e9tudes d\u2019histoire \u00e0 l\u2019Universit\u00e9 de Bordeaux (France), o\u00f9 il obtient une licence et un DES. Son m\u00e9moire portant sur l\u2019Empire du Mali, il collecte aupr\u00e8s des griots, notamment Mamadou Kouyat\u00e9, des r\u00e9cits de la tradition orale. C\u2019est \u00e0 partir de ces recherches qu\u2019il publie en 1960 Soundjata, ou l\u2019\u00e9pop\u00e9e mandingue, son ouvrage le plus connu. Il a codirig\u00e9 avec Joseph Ki-Zerbo la publication du volume IV de l\u2019Histoire g\u00e9n\u00e9rale de l\u2019Afrique sous les auspices de l\u2019Unesco.<\/p>\n\n\n\n<p>Il est \u00e9galement auteur de pi\u00e8ces de th\u00e9\u00e2tre comme Les fian\u00e7ailles tragiques. Certains de ses \u00e9crits lui valent la prison sous le r\u00e9gime de S\u00e9kou Tour\u00e9, puis l\u2019obligent \u00e0 l\u2019exil au S\u00e9n\u00e9gal dans les ann\u00e9es 1970.<\/p>\n\n\n\n<p>Djibril Tamsir Niane est professeur honoraire de l\u2019Universit\u00e9 Howard (Washington, D.C.) ainsi que de l\u2019Universit\u00e9 de Tokyo.<\/p>\n\n\n\n<p>Djibril Tamsir Niane est le p\u00e8re de Katoucha Niane, l\u2019une des premi\u00e8res mannequins noires internationales, qui publie en 2007&nbsp;<em>Dans ma chair<\/em>&nbsp;o\u00f9 elle r\u00e9v\u00e8le avoir subi une excision \u00e0 l\u2019\u00e2ge de 9 ans, avant son d\u00e9c\u00e8s \u00e0 Paris au d\u00e9but 2008.<\/p>\n\n\n\n<p><strong>Publications<\/strong><\/p>\n\n\n\n<ul><li>1960, Soundiata ou l\u2019\u00e9pop\u00e9e mandingue (Paris, Pr\u00e9sence africaine)<\/li><li>1975, Recherche sur l\u2019empire du Mali au Moyen \u00c2ge, suivi de Mise en place des populations de la Haute-Guin\u00e9e (Paris, Pr\u00e9sence africaine)<\/li><li>1985, Contes d\u2019Hier et d\u2019Aujourd\u2019hui (Paris, Pr\u00e9sence africaine)<\/li><li>1989, Histoire des Mandingues de l\u2019ouest (Paris, Karthala)<\/li><li>1991, \u00abLe Mali et la deuxi\u00e8me expansion mande\u00bb in Histoire g\u00e9n\u00e9rale de l\u2019Afrique, vol. IV<\/li><\/ul>\n\n\n\n<p><strong>Bibliographie<\/strong><\/p>\n\n\n\n<ul><li>Pierrette Herzberger-Fofana, \u00ab Djibril Tamsir Niane, ou le r\u00e9cit historique \u00bb, in \u00c9crivains africains et identit\u00e9s culturelles : entretiens, Stauffenburg, Tubingen, 1989, p. 94-102 (ISBN 3-923721-92-7)<\/li><li>Lilyan Kesteloot, \u00ab Djibril Tamsir Niane \u00bb, in Anthologie n\u00e9gro-africaine. Histoire et textes de 1918 \u00e0 nos jours, EDICEF, Vanves, 2001 (nouvelle \u00e9d.), p. 354-362<\/li><li>Kahiudi Claver Mabana, \u00ab Les voix de d\u00e9mystification : Djibril Tamsir Niane, Chaka (1971) \u00bb, in Des transpositions francophones du mythe de Chaka, Lang, 2002, p. 59-65 (ISBN 9783906769400)<\/li><\/ul>\n","protected":false},"excerpt":{"rendered":"<p>Le c\u00e9l\u00e8bre historien guin\u00e9en, Djibril Tamsir Niane, est d\u00e9c\u00e9d\u00e9 la nuit derni\u00e8re \u00e0 Dakar, le m\u00eame jour que sa s\u0153ur jumelle, d\u00e9c\u00e9d\u00e9e un peu plus t\u00f4t la journ\u00e9e. N\u00e9 le 9 janvier 1932 \u00e0 Conakry (Guin\u00e9e), il est sp\u00e9cialiste de l\u2019histoire du Mand\u00e9, notamment l\u2019Empire du Mali. Biographie (Wikip\u00e9dia) Djibril Tamsir Niane suit des \u00e9tudes &hellip;<\/p>\n","protected":false},"author":1,"featured_media":0,"parent":0,"menu_order":0,"comment_status":"closed","ping_status":"closed","template":"","meta":{"footnotes":""},"_links":{"self":[{"href":"https:\/\/sn.ambaguinee.org\/index.php?rest_route=\/wp\/v2\/pages\/7721"}],"collection":[{"href":"https:\/\/sn.ambaguinee.org\/index.php?rest_route=\/wp\/v2\/pages"}],"about":[{"href":"https:\/\/sn.ambaguinee.org\/index.php?rest_route=\/wp\/v2\/types\/page"}],"author":[{"embeddable":true,"href":"https:\/\/sn.ambaguinee.org\/index.php?rest_route=\/wp\/v2\/users\/1"}],"replies":[{"embeddable":true,"href":"https:\/\/sn.ambaguinee.org\/index.php?rest_route=%2Fwp%2Fv2%2Fcomments&post=7721"}],"version-history":[{"count":1,"href":"https:\/\/sn.ambaguinee.org\/index.php?rest_route=\/wp\/v2\/pages\/7721\/revisions"}],"predecessor-version":[{"id":7722,"href":"https:\/\/sn.ambaguinee.org\/index.php?rest_route=\/wp\/v2\/pages\/7721\/revisions\/7722"}],"wp:attachment":[{"href":"https:\/\/sn.ambaguinee.org\/index.php?rest_route=%2Fwp%2Fv2%2Fmedia&parent=7721"}],"curies":[{"name":"wp","href":"https:\/\/api.w.org\/{rel}","templated":true}]}}